{"id":735,"date":"2018-01-08T18:47:08","date_gmt":"2018-01-08T17:47:08","guid":{"rendered":"http:\/\/schoenwiese.net\/?page_id=735"},"modified":"2018-01-09T07:35:55","modified_gmt":"2018-01-09T06:35:55","slug":"imprint","status":"publish","type":"page","link":"https:\/\/schoenwiese.net\/en\/imprint\/","title":{"rendered":"Imprint"},"content":{"rendered":"<div class=\"flex_column av_one_full  flex_column_div av-zero-column-padding first  \" style='border-radius:0px; '><div style='padding-bottom:10px;' class='av-special-heading av-special-heading-h2    '><h2 class='av-special-heading-tag '  itemprop=\"headline\"  >Imprint<\/h2><div class='special-heading-border'><div class='special-heading-inner-border' ><\/div><\/div><\/div><\/div><div class=\"flex_column av_one_third  flex_column_div first  \" style='padding:20px 0px 0px 0px ; border-radius:0px; '><div class='avia-image-container avia_animated_image avia_animate_when_almost_visible fade-in av-styling-    avia-align-left '  itemscope=\"itemscope\" itemtype=\"https:\/\/schema.org\/ImageObject\"  ><div class='avia-image-container-inner'><img class='avia_image ' src='https:\/\/schoenwiese.net\/wp-content\/uploads\/2018\/01\/FS_farb02-300x200.jpg' alt='' title='FS_farb02'   itemprop=\"thumbnailUrl\"  \/><\/div><\/div><\/div>\n<div class=\"flex_column av_two_third  flex_column_div av-zero-column-padding   \" style='border-radius:0px; '><section class=\"av_textblock_section \"  itemscope=\"itemscope\" itemtype=\"https:\/\/schema.org\/CreativeWork\" ><div class='avia_textblock  '   itemprop=\"text\" ><p><strong>Florian Sch\u00f6nwiese e.U.<\/strong><\/p>\n<address>Inhaber: Florian Sch\u00f6nwiese<\/address>\n<address>\u00a0<\/address>\n<address>UID-Nr: ATU\u00a05664 1815<\/address>\n<address>FN 415546 y<\/address>\n<address>FB-Gericht: St.P\u00f6lten<\/address>\n<address>\u00a0<\/address>\n<address><u>Sitz:<\/u><\/address>\n<address>Wallnerstra\u00dfe 11<br \/>\n3032 Eichgraben,\u00a0\u00d6sterreich<br \/>\nt +43-2773-42956<br \/>\nm +43-676-970 1975<br \/>\ne <a href=\"mailto:%20florian@schoenwiese.net\">florian@schoenwiese.net<\/a><\/address>\n<address>\u00a0<\/address>\n<address><u>WKO<\/u><\/address>\n<address>Mitglied der WK\u00d6, WK\u00d6N\u00d6<\/address>\n<address><a href=\"https:\/\/firmen.wko.at\/Web\/DetailsKontakt.aspx?FirmaID=266ec3ab-8f29-4990-8632-14e5bfd7fbfb&amp;StandortID=0\" target=\"_blank\" rel=\"noopener\">Informationspflicht nach \u00a7 5 Abs. 1 E-Commerce-Gesetz<\/a><\/address>\n<address>\u00a0\u00a0<\/address>\n<address><u>Bank-Verbindung:<\/u><\/address>\n<address>Raiffeisenkasse Wienerwald,\u00a0IBAN:\u00a0<span id=\"umsaetzeFilterIban\">AT14 3266 7000 0121 4428,\u00a0BIC:\u00a0<span id=\"umsaetzeFilterBic\">RLNWATWWPRB<\/span><\/span><\/address>\n<address>\u00a0<\/address>\n<address><u>Website:<\/u><\/address>\n<address>Foto von Florian Sch\u00f6nwiese: Stefan Schweiger<\/address>\n<address>restl. Fotos und Grafiken: Shutterstock<\/address>\n<address>Webseite designed by <a href=\"http:\/\/www.lexon.at\" target=\"_blank\" rel=\"noopener\">Lexon GmbH<\/a>\u00a0(Martin Schagerl)<\/address>\n<address>\u00a0<\/address>\n<address><u>Disclamer:<\/u>\u00a0<\/address>\n<address>Die Inhalte unserer Seiten wurden mit gr\u00f6\u00dfter Sorgfalt erstellt. F\u00fcr die Richtigkeit, Vollst\u00e4ndigkeit und Aktualit\u00e4t der Inhalte k\u00f6nnen wir jedoch keine Gew\u00e4hr \u00fcbernehmen. Diese Webseite enth\u00e4lt Links zu externen Webseiten Dritter, auf deren Inhalt wir keinen Einfluss haben. Der Inhaber \u00fcbernimmt aus diesem Grund keine Verantwortung f\u00fcr Inhalte, die sich auf verlinkten Seiten befinden.<\/address>\n<\/div><\/section><\/div>\n","protected":false},"excerpt":{"rendered":"Imprint Florian Sch\u00f6nwiese e.U. Inhaber: Florian Sch\u00f6nwiese \u00a0 UID-Nr: ATU\u00a05664 1815 FN 415546 y FB-Gericht: St.P\u00f6lten \u00a0 Sitz: Wallnerstra\u00dfe 11 3032 Eichgraben,\u00a0\u00d6sterreich t +43-2773-42956 m +43-676-970 1975 e florian@schoenwiese.net \u00a0 WKO Mitglied der WK\u00d6, WK\u00d6N\u00d6 Informationspflicht nach \u00a7 5 Abs. 1 E-Commerce-Gesetz \u00a0\u00a0 Bank-Verbindung: Raiffeisenkasse Wienerwald,\u00a0IBAN:\u00a0AT14 3266 7000 0121 4428,\u00a0BIC:\u00a0RLNWATWWPRB \u00a0 Website: Foto von Florian [...]","protected":false},"author":2,"featured_media":0,"parent":0,"menu_order":0,"comment_status":"closed","ping_status":"closed","template":"","meta":[],"_links":{"self":[{"href":"https:\/\/schoenwiese.net\/en\/wp-json\/wp\/v2\/pages\/735"}],"collection":[{"href":"https:\/\/schoenwiese.net\/en\/wp-json\/wp\/v2\/pages"}],"about":[{"href":"https:\/\/schoenwiese.net\/en\/wp-json\/wp\/v2\/types\/page"}],"author":[{"embeddable":true,"href":"https:\/\/schoenwiese.net\/en\/wp-json\/wp\/v2\/users\/2"}],"replies":[{"embeddable":true,"href":"https:\/\/schoenwiese.net\/en\/wp-json\/wp\/v2\/comments?post=735"}],"version-history":[{"count":3,"href":"https:\/\/schoenwiese.net\/en\/wp-json\/wp\/v2\/pages\/735\/revisions"}],"predecessor-version":[{"id":773,"href":"https:\/\/schoenwiese.net\/en\/wp-json\/wp\/v2\/pages\/735\/revisions\/773"}],"wp:attachment":[{"href":"https:\/\/schoenwiese.net\/en\/wp-json\/wp\/v2\/media?parent=735"}],"curies":[{"name":"wp","href":"https:\/\/api.w.org\/{rel}","templated":true}]}}